{"id":9668,"date":"2022-04-23T12:58:26","date_gmt":"2022-04-23T12:58:26","guid":{"rendered":"https:\/\/zazrifka.sk\/?post_type=product&#038;p=9668"},"modified":"2022-04-23T12:59:27","modified_gmt":"2022-04-23T12:59:27","slug":"ajandekutalvany-6-ejszakara","status":"publish","type":"product","link":"https:\/\/www.zazrifka.sk\/sk\/product\/ajandekutalvany-6-ejszakara\/","title":{"rendered":"Aj\u00e1nd\u00e9kutalv\u00e1ny (6 \u00e9jszak\u00e1ra)"},"content":{"rendered":"","protected":false},"excerpt":{"rendered":"","protected":false},"featured_media":0,"comment_status":"open","ping_status":"closed","template":"","meta":[],"etheme_brands":[],"product_brand":[],"product_cat":[47],"product_tag":[],"class_list":{"0":"post-9668","1":"product","2":"type-product","3":"status-publish","5":"product_cat-ajandekutalvany","7":"first","8":"instock","9":"purchasable","10":"product-type-pw-gift-card","11":"has-default-attributes"},"_links":{"self":[{"href":"https:\/\/www.zazrifka.sk\/sk\/wp-json\/wp\/v2\/product\/9668","targetHints":{"allow":["GET"]}}],"collection":[{"href":"https:\/\/www.zazrifka.sk\/sk\/wp-json\/wp\/v2\/product"}],"about":[{"href":"https:\/\/www.zazrifka.sk\/sk\/wp-json\/wp\/v2\/types\/product"}],"replies":[{"embeddable":true,"href":"https:\/\/www.zazrifka.sk\/sk\/wp-json\/wp\/v2\/comments?post=9668"}],"wp:attachment":[{"href":"https:\/\/www.zazrifka.sk\/sk\/wp-json\/wp\/v2\/media?parent=9668"}],"wp:term":[{"taxonomy":"brand","embeddable":true,"href":"https:\/\/www.zazrifka.sk\/sk\/wp-json\/wp\/v2\/etheme_brands?post=9668"},{"taxonomy":"product_brand","embeddable":true,"href":"https:\/\/www.zazrifka.sk\/sk\/wp-json\/wp\/v2\/product_brand?post=9668"},{"taxonomy":"product_cat","embeddable":true,"href":"https:\/\/www.zazrifka.sk\/sk\/wp-json\/wp\/v2\/product_cat?post=9668"},{"taxonomy":"product_tag","embeddable":true,"href":"https:\/\/www.zazrifka.sk\/sk\/wp-json\/wp\/v2\/product_tag?post=9668"}],"curies":[{"name":"wp","href":"https:\/\/api.w.org\/{rel}","templated":true}]}}