{"id":9454,"date":"2022-04-17T17:16:05","date_gmt":"2022-04-17T17:16:05","guid":{"rendered":"https:\/\/zazrifka.sk\/?post_type=product&#038;p=9454"},"modified":"2022-04-22T07:46:48","modified_gmt":"2022-04-22T07:46:48","slug":"darcekova-poukazka-na-2-noci","status":"publish","type":"product","link":"https:\/\/www.zazrifka.sk\/sk\/product\/darcekova-poukazka-na-2-noci\/","title":{"rendered":"Dar\u010dekov\u00e1 pouk\u00e1\u017eka na 2 noci"},"content":{"rendered":"","protected":false},"excerpt":{"rendered":"","protected":false},"featured_media":0,"comment_status":"open","ping_status":"closed","template":"","meta":[],"etheme_brands":[],"product_brand":[],"product_cat":[15],"product_tag":[],"class_list":{"0":"post-9454","1":"product","2":"type-product","3":"status-publish","5":"product_cat-darcekova-poukazka","7":"first","8":"instock","9":"purchasable","10":"product-type-pw-gift-card","11":"has-default-attributes"},"_links":{"self":[{"href":"https:\/\/www.zazrifka.sk\/sk\/wp-json\/wp\/v2\/product\/9454","targetHints":{"allow":["GET"]}}],"collection":[{"href":"https:\/\/www.zazrifka.sk\/sk\/wp-json\/wp\/v2\/product"}],"about":[{"href":"https:\/\/www.zazrifka.sk\/sk\/wp-json\/wp\/v2\/types\/product"}],"replies":[{"embeddable":true,"href":"https:\/\/www.zazrifka.sk\/sk\/wp-json\/wp\/v2\/comments?post=9454"}],"wp:attachment":[{"href":"https:\/\/www.zazrifka.sk\/sk\/wp-json\/wp\/v2\/media?parent=9454"}],"wp:term":[{"taxonomy":"brand","embeddable":true,"href":"https:\/\/www.zazrifka.sk\/sk\/wp-json\/wp\/v2\/etheme_brands?post=9454"},{"taxonomy":"product_brand","embeddable":true,"href":"https:\/\/www.zazrifka.sk\/sk\/wp-json\/wp\/v2\/product_brand?post=9454"},{"taxonomy":"product_cat","embeddable":true,"href":"https:\/\/www.zazrifka.sk\/sk\/wp-json\/wp\/v2\/product_cat?post=9454"},{"taxonomy":"product_tag","embeddable":true,"href":"https:\/\/www.zazrifka.sk\/sk\/wp-json\/wp\/v2\/product_tag?post=9454"}],"curies":[{"name":"wp","href":"https:\/\/api.w.org\/{rel}","templated":true}]}}