{"id":9403,"date":"2022-04-13T15:10:59","date_gmt":"2022-04-13T15:10:59","guid":{"rendered":"https:\/\/zazrifka.sk\/?post_type=product&#038;p=9403"},"modified":"2022-04-23T12:42:46","modified_gmt":"2022-04-23T12:42:46","slug":"darcekova-poukazka-chalupka","status":"publish","type":"product","link":"https:\/\/www.zazrifka.sk\/sk\/product\/darcekova-poukazka-chalupka\/","title":{"rendered":"Dar\u010dekov\u00e1 pouk\u00e1\u017eka chalupka"},"content":{"rendered":"","protected":false},"excerpt":{"rendered":"","protected":false},"featured_media":9624,"comment_status":"open","ping_status":"closed","template":"","meta":[],"etheme_brands":[],"product_brand":[],"product_cat":[15],"product_tag":[],"class_list":{"0":"post-9403","1":"product","2":"type-product","3":"status-publish","4":"has-post-thumbnail","6":"product_cat-darcekova-poukazka","8":"first","9":"instock","10":"purchasable","11":"product-type-pw-gift-card","12":"has-default-attributes"},"_links":{"self":[{"href":"https:\/\/www.zazrifka.sk\/sk\/wp-json\/wp\/v2\/product\/9403","targetHints":{"allow":["GET"]}}],"collection":[{"href":"https:\/\/www.zazrifka.sk\/sk\/wp-json\/wp\/v2\/product"}],"about":[{"href":"https:\/\/www.zazrifka.sk\/sk\/wp-json\/wp\/v2\/types\/product"}],"replies":[{"embeddable":true,"href":"https:\/\/www.zazrifka.sk\/sk\/wp-json\/wp\/v2\/comments?post=9403"}],"wp:featuredmedia":[{"embeddable":true,"href":"https:\/\/www.zazrifka.sk\/sk\/wp-json\/wp\/v2\/media\/9624"}],"wp:attachment":[{"href":"https:\/\/www.zazrifka.sk\/sk\/wp-json\/wp\/v2\/media?parent=9403"}],"wp:term":[{"taxonomy":"brand","embeddable":true,"href":"https:\/\/www.zazrifka.sk\/sk\/wp-json\/wp\/v2\/etheme_brands?post=9403"},{"taxonomy":"product_brand","embeddable":true,"href":"https:\/\/www.zazrifka.sk\/sk\/wp-json\/wp\/v2\/product_brand?post=9403"},{"taxonomy":"product_cat","embeddable":true,"href":"https:\/\/www.zazrifka.sk\/sk\/wp-json\/wp\/v2\/product_cat?post=9403"},{"taxonomy":"product_tag","embeddable":true,"href":"https:\/\/www.zazrifka.sk\/sk\/wp-json\/wp\/v2\/product_tag?post=9403"}],"curies":[{"name":"wp","href":"https:\/\/api.w.org\/{rel}","templated":true}]}}