{"id":6463,"date":"2022-03-07T12:28:56","date_gmt":"2022-03-07T12:28:56","guid":{"rendered":"https:\/\/zazrifka.sk\/?page_id=6463"},"modified":"2024-03-18T16:48:30","modified_gmt":"2024-03-18T16:48:30","slug":"podujatia-akcie","status":"publish","type":"page","link":"https:\/\/www.zazrifka.sk\/sk\/podujatia-akcie\/","title":{"rendered":"Podujatia \/  Akcie"},"content":{"rendered":"\t\t<div data-elementor-type=\"wp-page\" data-elementor-id=\"6463\" class=\"elementor elementor-6463\" data-elementor-post-type=\"page\">\n\t\t\t\t\t\t<section class=\"elementor-section elementor-top-section elementor-element elementor-element-8c341e5 elementor-section-content-middle el-image-box-hover-shadow custom-banner-shop elementor-section-full_width elementor-section-stretched elementor-section-height-default elementor-section-height-default\" data-id=\"8c341e5\" data-element_type=\"section\" data-settings=\"{&quot;animation_mobile&quot;:&quot;fadeIn&quot;,&quot;stretch_section&quot;:&quot;section-stretched&quot;}\">\n\t\t\t\t\t\t<div class=\"elementor-container elementor-column-gap-no\">\n\t\t\t\t\t<div class=\"elementor-column elementor-col-33 elementor-top-column elementor-element elementor-element-326b6b6d\" data-id=\"326b6b6d\" data-element_type=\"column\">\n\t\t\t<div class=\"elementor-widget-wrap elementor-element-populated\">\n\t\t\t\t\t\t<div class=\"elementor-element elementor-element-381f0244 banner-button-underline-hover  elementor-widget elementor-widget-banner\" data-id=\"381f0244\" data-element_type=\"widget\" data-settings=\"{&quot;_animation&quot;:&quot;none&quot;,&quot;use_default_tags&quot;:&quot;no&quot;}\" data-widget_type=\"banner.default\">\n\t\t\t\t<div class=\"elementor-widget-container\">\n\t\t\t\t\t        <div id=\"banner-6117\" class=\"banner  cursor-pointer content-effect-on-hover banner-type-3 et_image-with-hover et_image-hover-3 with-diagonal text-left valign-bottom font-style-dark\" onclick=\"window.open('https:\/\/zazrifka.sk\/jarny-pobytovy-balik','_blank')\">\n\n\t\t\t\n\t\t\t\t<img decoding=\"async\" src=\"https:\/\/zazrifka.s3.eu-central-1.amazonaws.com\/wp-content\/uploads\/2024\/09\/06115524\/xstore-placeholder.png\" data-src=\"https:\/\/zazrifka.s3.eu-central-1.amazonaws.com\/wp-content\/uploads\/2024\/03\/06115519\/zazrfika2.png\" title=\"zazrfika2\" alt=\"zazrfika2\" class=\"elementor-animation-  lazyload lazyload-simple et-lazyload-fadeIn\" loading=\"lazy\" \/>                <div class=\"banner-content \">\n\n\t\t\t\t\t<h2 class=\"banner-subtitle \"><span>2-l\u00f4\u017ekov\u00e1 izba s ra\u0148ajkami. Pobyt pre 2 osoby na 2 a\u017e 6 noc\u00ed. <\/span><\/h2><h2 class=\"banner-title \"><span>JARN\u00dd POBYTOV\u00dd BAL\u00cdK<\/span><\/h2>                    <div class=\"content-inner\">\n\n\t\t\t\t\t\t\n                    <\/div>\n\t\t\t\t\t                    <div class=\"button-wrap\">\n\n\t\t\t\t\t\t\n\t\t\t\t\t\t\n                        <div onclick=\"window.open('https:\/\/zazrifka.sk\/sk\/jarny-pobytovy-balik','_blank')\" class=\"banner-button btn medium inline-block  cursor-pointer\">\n\t\t\t\t\t\tPozrie\u0165                    <\/div>\n\n                <\/div>\n\t\t\t        <\/div>\n\n\t\t        <\/div>\n\n\t\t\t\t\t\t<\/div>\n\t\t\t\t<\/div>\n\t\t\t\t\t<\/div>\n\t\t<\/div>\n\t\t\t\t<div class=\"elementor-column elementor-col-33 elementor-top-column elementor-element elementor-element-9f74687\" data-id=\"9f74687\" data-element_type=\"column\">\n\t\t\t<div class=\"elementor-widget-wrap elementor-element-populated\">\n\t\t\t\t\t\t<div class=\"elementor-element elementor-element-5d5b713 banner-button-underline-hover  elementor-widget elementor-widget-banner\" data-id=\"5d5b713\" data-element_type=\"widget\" data-settings=\"{&quot;_animation&quot;:&quot;none&quot;,&quot;use_default_tags&quot;:&quot;no&quot;}\" data-widget_type=\"banner.default\">\n\t\t\t\t<div class=\"elementor-widget-container\">\n\t\t\t\t\t        <div id=\"banner-6209\" class=\"banner  cursor-pointer content-effect-on-hover banner-type-3 et_image-with-hover et_image-hover-3 with-diagonal text-left valign-bottom font-style-dark\" onclick=\"window.open('https:\/\/zazrifka.sk\/vikendovy-pobyt-s-masazou\/','_blank')\">\n\n\t\t\t\n\t\t\t\t<img decoding=\"async\" src=\"https:\/\/zazrifka.s3.eu-central-1.amazonaws.com\/wp-content\/uploads\/2024\/09\/06115524\/xstore-placeholder.png\" data-src=\"https:\/\/zazrifka.s3.eu-central-1.amazonaws.com\/wp-content\/uploads\/2024\/03\/06115517\/zazrifka3.png\" title=\"zazrifka3\" alt=\"zazrifka3\" class=\"elementor-animation-  lazyload lazyload-simple et-lazyload-fadeIn\" loading=\"lazy\" \/>                <div class=\"banner-content \">\n\n\t\t\t\t\t<h2 class=\"banner-subtitle \"><span>2-l\u00f4\u017ekov\u00e1 izba s ra\u0148ajkami. Pobyt pre 2 osoby na 2 a\u017e 3 noci s mas\u00e1\u017eou<\/span><\/h2><h2 class=\"banner-title \"><span>V\u00cdKENDOV\u00dd POBYT S MAS\u00c1\u017dOU<\/span><\/h2>                    <div class=\"content-inner\">\n\n\t\t\t\t\t\t\n                    <\/div>\n\t\t\t\t\t                    <div class=\"button-wrap\">\n\n\t\t\t\t\t\t\n\t\t\t\t\t\t\n                        <div onclick=\"window.open('https:\/\/zazrifka.sk\/vikendovy-pobyt-s-masazou\/','_blank')\" class=\"banner-button btn medium inline-block  cursor-pointer\">\n\t\t\t\t\t\tPozrie\u0165                    <\/div>\n\n                <\/div>\n\t\t\t        <\/div>\n\n\t\t        <\/div>\n\n\t\t\t\t\t\t<\/div>\n\t\t\t\t<\/div>\n\t\t\t\t\t<\/div>\n\t\t<\/div>\n\t\t\t\t<div class=\"elementor-column elementor-col-33 elementor-top-column elementor-element elementor-element-c4742a0\" data-id=\"c4742a0\" data-element_type=\"column\">\n\t\t\t<div class=\"elementor-widget-wrap\">\n\t\t\t\t\t\t\t<\/div>\n\t\t<\/div>\n\t\t\t\t\t<\/div>\n\t\t<\/section>\n\t\t\t\t<\/div>\n\t\t","protected":false},"excerpt":{"rendered":"<p>2-l\u00f4\u017ekov\u00e1 izba s ra\u0148ajkami. Pobyt pre 2 osoby na 2 a\u017e 6 noc\u00ed. JARN\u00dd POBYTOV\u00dd BAL\u00cdK&#8230;<\/p>\n","protected":false},"author":1,"featured_media":0,"parent":0,"menu_order":0,"comment_status":"closed","ping_status":"open","template":"","meta":{"footnotes":""},"class_list":["post-6463","page","type-page","status-publish","hentry"],"_links":{"self":[{"href":"https:\/\/www.zazrifka.sk\/sk\/wp-json\/wp\/v2\/pages\/6463","targetHints":{"allow":["GET"]}}],"collection":[{"href":"https:\/\/www.zazrifka.sk\/sk\/wp-json\/wp\/v2\/pages"}],"about":[{"href":"https:\/\/www.zazrifka.sk\/sk\/wp-json\/wp\/v2\/types\/page"}],"author":[{"embeddable":true,"href":"https:\/\/www.zazrifka.sk\/sk\/wp-json\/wp\/v2\/users\/1"}],"replies":[{"embeddable":true,"href":"https:\/\/www.zazrifka.sk\/sk\/wp-json\/wp\/v2\/comments?post=6463"}],"version-history":[{"count":39,"href":"https:\/\/www.zazrifka.sk\/sk\/wp-json\/wp\/v2\/pages\/6463\/revisions"}],"predecessor-version":[{"id":10238,"href":"https:\/\/www.zazrifka.sk\/sk\/wp-json\/wp\/v2\/pages\/6463\/revisions\/10238"}],"wp:attachment":[{"href":"https:\/\/www.zazrifka.sk\/sk\/wp-json\/wp\/v2\/media?parent=6463"}],"curies":[{"name":"wp","href":"https:\/\/api.w.org\/{rel}","templated":true}]}}