{"id":10024,"date":"2023-11-26T11:34:44","date_gmt":"2023-11-26T11:34:44","guid":{"rendered":"https:\/\/zazrifka.sk\/kosar\/"},"modified":"2023-11-26T11:34:44","modified_gmt":"2023-11-26T11:34:44","slug":"kosar","status":"publish","type":"page","link":"https:\/\/www.zazrifka.sk\/sk\/kosar\/","title":{"rendered":"Kos\u00e1r"},"content":{"rendered":"\n<div data-block-name=\"woocommerce\/cart\" class=\"wp-block-woocommerce-cart alignwide is-loading\">\n<div data-block-name=\"woocommerce\/filled-cart-block\" class=\"wp-block-woocommerce-filled-cart-block\">\n<div data-block-name=\"woocommerce\/cart-items-block\" class=\"wp-block-woocommerce-cart-items-block\">\n<div data-block-name=\"woocommerce\/cart-line-items-block\" class=\"wp-block-woocommerce-cart-line-items-block\"><\/div>\n\n\n\n<div data-block-name=\"woocommerce\/cart-cross-sells-block\" class=\"wp-block-woocommerce-cart-cross-sells-block\">\n<h2 class=\"wp-block-heading has-large-font-size\">You may be interested in\u2026<\/h2>\n\n\n\n<div data-block-name=\"woocommerce\/cart-cross-sells-products-block\" class=\"wp-block-woocommerce-cart-cross-sells-products-block\"><\/div>\n<\/div>\n<\/div>\n\n\n\n<div data-block-name=\"woocommerce\/cart-totals-block\" class=\"wp-block-woocommerce-cart-totals-block\">\n<div data-block-name=\"woocommerce\/cart-order-summary-block\" class=\"wp-block-woocommerce-cart-order-summary-block\">\n<div data-block-name=\"woocommerce\/cart-order-summary-heading-block\" class=\"wp-block-woocommerce-cart-order-summary-heading-block\"><\/div><div data-block-name=\"woocommerce\/cart-order-summary-coupon-form-block\" class=\"wp-block-woocommerce-cart-order-summary-coupon-form-block\"><\/div><div data-block-name=\"woocommerce\/cart-order-summary-totals-block\" class=\"wp-block-woocommerce-cart-order-summary-totals-block\">\n<div data-block-name=\"woocommerce\/cart-order-summary-subtotal-block\" class=\"wp-block-woocommerce-cart-order-summary-subtotal-block\"><\/div>\n<div data-block-name=\"woocommerce\/cart-order-summary-discount-block\" class=\"wp-block-woocommerce-cart-order-summary-discount-block\"><\/div>\n<div data-block-name=\"woocommerce\/cart-order-summary-fee-block\" class=\"wp-block-woocommerce-cart-order-summary-fee-block\"><\/div>\n<div data-block-name=\"woocommerce\/cart-order-summary-shipping-block\" class=\"wp-block-woocommerce-cart-order-summary-shipping-block\"><\/div>\n<div data-block-name=\"woocommerce\/cart-order-summary-taxes-block\" class=\"wp-block-woocommerce-cart-order-summary-taxes-block\"><\/div><\/div>\n<\/div>\n\n\n\n<div data-block-name=\"woocommerce\/cart-express-payment-block\" class=\"wp-block-woocommerce-cart-express-payment-block\"><\/div>\n\n\n\n<div data-block-name=\"woocommerce\/proceed-to-checkout-block\" class=\"wp-block-woocommerce-proceed-to-checkout-block\"><\/div>\n\n\n\n<div data-block-name=\"woocommerce\/cart-accepted-payment-methods-block\" class=\"wp-block-woocommerce-cart-accepted-payment-methods-block\"><\/div>\n<\/div>\n<\/div>\n\n\n\n<div data-block-name=\"woocommerce\/empty-cart-block\" class=\"wp-block-woocommerce-empty-cart-block\">\n<h2 class=\"wp-block-heading has-text-align-center with-empty-cart-icon wc-block-cart__empty-cart__title\">Your cart is currently empty!<\/h2>\n\n\n\n<hr class=\"wp-block-separator has-alpha-channel-opacity is-style-dots\"\/>\n\n\n\n<h2 class=\"wp-block-heading has-text-align-center\">\u00dajdons\u00e1gok<\/h2>\n\n\n<div data-block-name=\"woocommerce\/product-new\" data-columns=\"4\" data-rows=\"1\" class=\"wc-block-grid wp-block-product-new wp-block-woocommerce-product-new wc-block-product-new has-4-columns\"><ul class=\"wc-block-grid__products\"><li class=\"wc-block-grid__product\">\n\t\t\t\t<a href=\"https:\/\/www.zazrifka.sk\/sk\/product\/ajandekutalvany-7-ejszakara\/\" class=\"wc-block-grid__product-link\">\n\t\t\t\t\t\n\t\t\t\t\t<div class=\"wc-block-grid__product-image\"><img loading=\"lazy\" loading=\"lazy\" decoding=\"async\" width=\"300\" height=\"300\" src=\"https:\/\/zazrifka.s3.eu-central-1.amazonaws.com\/wp-content\/uploads\/2024\/09\/06115515\/woocommerce-placeholder.png\" class=\"woocommerce-placeholder wp-post-image lazyload lazyload-simple et-lazyload-fadeIn\" alt=\"\" sizes=\"auto, (max-width: 300px) 100vw, 300px\" data-src=\"https:\/\/zazrifka.s3.eu-central-1.amazonaws.com\/wp-content\/uploads\/2024\/09\/06115515\/woocommerce-placeholder.png\" data-srcset=\"https:\/\/zazrifka.s3.eu-central-1.amazonaws.com\/wp-content\/uploads\/2024\/09\/06115515\/woocommerce-placeholder.png 1200w, https:\/\/zazrifka.s3.eu-central-1.amazonaws.com\/wp-content\/uploads\/2024\/09\/06115515\/woocommerce-placeholder-300x300.png 300w, https:\/\/zazrifka.s3.eu-central-1.amazonaws.com\/wp-content\/uploads\/2024\/09\/06115515\/woocommerce-placeholder-1024x1024.png 1024w, https:\/\/zazrifka.s3.eu-central-1.amazonaws.com\/wp-content\/uploads\/2024\/09\/06115515\/woocommerce-placeholder-150x150.png 150w, https:\/\/zazrifka.s3.eu-central-1.amazonaws.com\/wp-content\/uploads\/2024\/09\/06115515\/woocommerce-placeholder-768x768.png 768w, https:\/\/zazrifka.s3.eu-central-1.amazonaws.com\/wp-content\/uploads\/2024\/09\/06115515\/woocommerce-placeholder-12x12.png 12w\" \/><\/div>\n\t\t\t\t\t<div class=\"wc-block-grid__product-title\">Aj\u00e1nd\u00e9kutalv\u00e1ny (7 \u00e9jszak\u00e1ra)<\/div>\n\t\t\t\t<\/a>\n\t\t\t\t<div class=\"wc-block-grid__product-price price\"><span class=\"woocommerce-Price-amount amount\"><span class=\"woocommerce-Price-currencySymbol\">&euro;<\/span>420.00<\/span><\/div>\n\t\t\t\t\n\t\t\t\t<div class=\"wp-block-button wc-block-grid__product-add-to-cart\"><a href=\"https:\/\/www.zazrifka.sk\/sk\/product\/ajandekutalvany-7-ejszakara\/\" aria-label=\"V\u00fdber nastaven\u00ed pre &ldquo;Aj\u00e1nd\u00e9kutalv\u00e1ny (7 \u00e9jszak\u00e1ra)&rdquo;\" data-quantity=\"1\" data-product_id=\"9673\" data-product_sku=\"\" data-price=\"420\" rel=\"nofollow\" class=\"wp-block-button__link  add_to_cart_button\">Select amount<\/a><\/div>\n\t\t\t<\/li><li class=\"wc-block-grid__product\">\n\t\t\t\t<a href=\"https:\/\/www.zazrifka.sk\/sk\/product\/ajandekutalvany-6-ejszakara\/\" class=\"wc-block-grid__product-link\">\n\t\t\t\t\t\n\t\t\t\t\t<div class=\"wc-block-grid__product-image\"><img loading=\"lazy\" loading=\"lazy\" decoding=\"async\" width=\"300\" height=\"300\" src=\"https:\/\/zazrifka.s3.eu-central-1.amazonaws.com\/wp-content\/uploads\/2024\/09\/06115515\/woocommerce-placeholder.png\" class=\"woocommerce-placeholder wp-post-image lazyload lazyload-simple et-lazyload-fadeIn\" alt=\"\" sizes=\"auto, (max-width: 300px) 100vw, 300px\" data-src=\"https:\/\/zazrifka.s3.eu-central-1.amazonaws.com\/wp-content\/uploads\/2024\/09\/06115515\/woocommerce-placeholder.png\" data-srcset=\"https:\/\/zazrifka.s3.eu-central-1.amazonaws.com\/wp-content\/uploads\/2024\/09\/06115515\/woocommerce-placeholder.png 1200w, https:\/\/zazrifka.s3.eu-central-1.amazonaws.com\/wp-content\/uploads\/2024\/09\/06115515\/woocommerce-placeholder-300x300.png 300w, https:\/\/zazrifka.s3.eu-central-1.amazonaws.com\/wp-content\/uploads\/2024\/09\/06115515\/woocommerce-placeholder-1024x1024.png 1024w, https:\/\/zazrifka.s3.eu-central-1.amazonaws.com\/wp-content\/uploads\/2024\/09\/06115515\/woocommerce-placeholder-150x150.png 150w, https:\/\/zazrifka.s3.eu-central-1.amazonaws.com\/wp-content\/uploads\/2024\/09\/06115515\/woocommerce-placeholder-768x768.png 768w, https:\/\/zazrifka.s3.eu-central-1.amazonaws.com\/wp-content\/uploads\/2024\/09\/06115515\/woocommerce-placeholder-12x12.png 12w\" \/><\/div>\n\t\t\t\t\t<div class=\"wc-block-grid__product-title\">Aj\u00e1nd\u00e9kutalv\u00e1ny (6 \u00e9jszak\u00e1ra)<\/div>\n\t\t\t\t<\/a>\n\t\t\t\t<div class=\"wc-block-grid__product-price price\"><span class=\"woocommerce-Price-amount amount\"><span class=\"woocommerce-Price-currencySymbol\">&euro;<\/span>360.00<\/span><\/div>\n\t\t\t\t\n\t\t\t\t<div class=\"wp-block-button wc-block-grid__product-add-to-cart\"><a href=\"https:\/\/www.zazrifka.sk\/sk\/product\/ajandekutalvany-6-ejszakara\/\" aria-label=\"V\u00fdber nastaven\u00ed pre &ldquo;Aj\u00e1nd\u00e9kutalv\u00e1ny (6 \u00e9jszak\u00e1ra)&rdquo;\" data-quantity=\"1\" data-product_id=\"9668\" data-product_sku=\"\" data-price=\"360\" rel=\"nofollow\" class=\"wp-block-button__link  add_to_cart_button\">Select amount<\/a><\/div>\n\t\t\t<\/li><li class=\"wc-block-grid__product\">\n\t\t\t\t<a href=\"https:\/\/www.zazrifka.sk\/sk\/product\/ajandekutalvany-5-ejszakara\/\" class=\"wc-block-grid__product-link\">\n\t\t\t\t\t\n\t\t\t\t\t<div class=\"wc-block-grid__product-image\"><img loading=\"lazy\" loading=\"lazy\" decoding=\"async\" width=\"300\" height=\"300\" src=\"https:\/\/zazrifka.s3.eu-central-1.amazonaws.com\/wp-content\/uploads\/2024\/09\/06115515\/woocommerce-placeholder.png\" class=\"woocommerce-placeholder wp-post-image lazyload lazyload-simple et-lazyload-fadeIn\" alt=\"\" sizes=\"auto, (max-width: 300px) 100vw, 300px\" data-src=\"https:\/\/zazrifka.s3.eu-central-1.amazonaws.com\/wp-content\/uploads\/2024\/09\/06115515\/woocommerce-placeholder.png\" data-srcset=\"https:\/\/zazrifka.s3.eu-central-1.amazonaws.com\/wp-content\/uploads\/2024\/09\/06115515\/woocommerce-placeholder.png 1200w, https:\/\/zazrifka.s3.eu-central-1.amazonaws.com\/wp-content\/uploads\/2024\/09\/06115515\/woocommerce-placeholder-300x300.png 300w, https:\/\/zazrifka.s3.eu-central-1.amazonaws.com\/wp-content\/uploads\/2024\/09\/06115515\/woocommerce-placeholder-1024x1024.png 1024w, https:\/\/zazrifka.s3.eu-central-1.amazonaws.com\/wp-content\/uploads\/2024\/09\/06115515\/woocommerce-placeholder-150x150.png 150w, https:\/\/zazrifka.s3.eu-central-1.amazonaws.com\/wp-content\/uploads\/2024\/09\/06115515\/woocommerce-placeholder-768x768.png 768w, https:\/\/zazrifka.s3.eu-central-1.amazonaws.com\/wp-content\/uploads\/2024\/09\/06115515\/woocommerce-placeholder-12x12.png 12w\" \/><\/div>\n\t\t\t\t\t<div class=\"wc-block-grid__product-title\">Aj\u00e1nd\u00e9kutalv\u00e1ny (5 \u00e9jszak\u00e1ra)<\/div>\n\t\t\t\t<\/a>\n\t\t\t\t<div class=\"wc-block-grid__product-price price\"><span class=\"woocommerce-Price-amount amount\"><span class=\"woocommerce-Price-currencySymbol\">&euro;<\/span>300.00<\/span><\/div>\n\t\t\t\t\n\t\t\t\t<div class=\"wp-block-button wc-block-grid__product-add-to-cart\"><a href=\"https:\/\/www.zazrifka.sk\/sk\/product\/ajandekutalvany-5-ejszakara\/\" aria-label=\"V\u00fdber nastaven\u00ed pre &ldquo;Aj\u00e1nd\u00e9kutalv\u00e1ny (5 \u00e9jszak\u00e1ra)&rdquo;\" data-quantity=\"1\" data-product_id=\"9663\" data-product_sku=\"\" data-price=\"300\" rel=\"nofollow\" class=\"wp-block-button__link  add_to_cart_button\">Select amount<\/a><\/div>\n\t\t\t<\/li><li class=\"wc-block-grid__product\">\n\t\t\t\t<a href=\"https:\/\/www.zazrifka.sk\/sk\/product\/ajandekutalvany-4-ejszakara\/\" class=\"wc-block-grid__product-link\">\n\t\t\t\t\t\n\t\t\t\t\t<div class=\"wc-block-grid__product-image\"><img loading=\"lazy\" loading=\"lazy\" decoding=\"async\" width=\"300\" height=\"300\" src=\"https:\/\/zazrifka.s3.eu-central-1.amazonaws.com\/wp-content\/uploads\/2024\/09\/06115515\/woocommerce-placeholder.png\" class=\"woocommerce-placeholder wp-post-image lazyload lazyload-simple et-lazyload-fadeIn\" alt=\"\" sizes=\"auto, (max-width: 300px) 100vw, 300px\" data-src=\"https:\/\/zazrifka.s3.eu-central-1.amazonaws.com\/wp-content\/uploads\/2024\/09\/06115515\/woocommerce-placeholder.png\" data-srcset=\"https:\/\/zazrifka.s3.eu-central-1.amazonaws.com\/wp-content\/uploads\/2024\/09\/06115515\/woocommerce-placeholder.png 1200w, https:\/\/zazrifka.s3.eu-central-1.amazonaws.com\/wp-content\/uploads\/2024\/09\/06115515\/woocommerce-placeholder-300x300.png 300w, https:\/\/zazrifka.s3.eu-central-1.amazonaws.com\/wp-content\/uploads\/2024\/09\/06115515\/woocommerce-placeholder-1024x1024.png 1024w, https:\/\/zazrifka.s3.eu-central-1.amazonaws.com\/wp-content\/uploads\/2024\/09\/06115515\/woocommerce-placeholder-150x150.png 150w, https:\/\/zazrifka.s3.eu-central-1.amazonaws.com\/wp-content\/uploads\/2024\/09\/06115515\/woocommerce-placeholder-768x768.png 768w, https:\/\/zazrifka.s3.eu-central-1.amazonaws.com\/wp-content\/uploads\/2024\/09\/06115515\/woocommerce-placeholder-12x12.png 12w\" \/><\/div>\n\t\t\t\t\t<div class=\"wc-block-grid__product-title\">Aj\u00e1nd\u00e9kutalv\u00e1ny (4 \u00e9jszak\u00e1ra)<\/div>\n\t\t\t\t<\/a>\n\t\t\t\t<div class=\"wc-block-grid__product-price price\"><span class=\"woocommerce-Price-amount amount\"><span class=\"woocommerce-Price-currencySymbol\">&euro;<\/span>240.00<\/span><\/div>\n\t\t\t\t\n\t\t\t\t<div class=\"wp-block-button wc-block-grid__product-add-to-cart\"><a href=\"https:\/\/www.zazrifka.sk\/sk\/product\/ajandekutalvany-4-ejszakara\/\" aria-label=\"V\u00fdber nastaven\u00ed pre &ldquo;Aj\u00e1nd\u00e9kutalv\u00e1ny (4 \u00e9jszak\u00e1ra)&rdquo;\" data-quantity=\"1\" data-product_id=\"9658\" data-product_sku=\"\" data-price=\"240\" rel=\"nofollow\" class=\"wp-block-button__link  add_to_cart_button\">Select amount<\/a><\/div>\n\t\t\t<\/li><\/ul><\/div><\/div>\n<\/div>\n","protected":false},"excerpt":{"rendered":"","protected":false},"author":1,"featured_media":0,"parent":0,"menu_order":0,"comment_status":"closed","ping_status":"closed","template":"","meta":{"footnotes":""},"class_list":["post-10024","page","type-page","status-publish","hentry"],"_links":{"self":[{"href":"https:\/\/www.zazrifka.sk\/sk\/wp-json\/wp\/v2\/pages\/10024","targetHints":{"allow":["GET"]}}],"collection":[{"href":"https:\/\/www.zazrifka.sk\/sk\/wp-json\/wp\/v2\/pages"}],"about":[{"href":"https:\/\/www.zazrifka.sk\/sk\/wp-json\/wp\/v2\/types\/page"}],"author":[{"embeddable":true,"href":"https:\/\/www.zazrifka.sk\/sk\/wp-json\/wp\/v2\/users\/1"}],"replies":[{"embeddable":true,"href":"https:\/\/www.zazrifka.sk\/sk\/wp-json\/wp\/v2\/comments?post=10024"}],"version-history":[{"count":0,"href":"https:\/\/www.zazrifka.sk\/sk\/wp-json\/wp\/v2\/pages\/10024\/revisions"}],"wp:attachment":[{"href":"https:\/\/www.zazrifka.sk\/sk\/wp-json\/wp\/v2\/media?parent=10024"}],"curies":[{"name":"wp","href":"https:\/\/api.w.org\/{rel}","templated":true}]}}