{"id":53,"date":"2022-02-06T09:58:39","date_gmt":"2022-02-06T09:58:39","guid":{"rendered":"https:\/\/xstore.8theme.com\/elementor\/demos\/minimal-electronics\/?page_id=53"},"modified":"2022-11-13T09:43:14","modified_gmt":"2022-11-13T09:43:14","slug":"darcekove-poukazky","status":"publish","type":"page","link":"https:\/\/www.zazrifka.sk\/hu\/ajandekutalvanyok\/","title":{"rendered":"Aj\u00e1nd\u00e9kutalv\u00e1nyok"},"content":{"rendered":"<div data-elementor-type=\"wp-page\" data-elementor-id=\"53\" class=\"elementor elementor-53\" data-elementor-post-type=\"page\">\n\t\t\t\t\t\t<section class=\"elementor-section elementor-top-section elementor-element elementor-element-358ba94 elementor-section-boxed elementor-section-height-default elementor-section-height-default\" data-id=\"358ba94\" data-element_type=\"section\">\n\t\t\t\t\t\t<div class=\"elementor-container elementor-column-gap-default\">\n\t\t\t\t\t<div class=\"elementor-column elementor-col-100 elementor-top-column elementor-element elementor-element-fc37022\" data-id=\"fc37022\" data-element_type=\"column\">\n\t\t\t<div class=\"elementor-widget-wrap elementor-element-populated\">\n\t\t\t\t\t\t<div class=\"elementor-element elementor-element-80d9f71 etheme-contact-form-7-button-custom elementor-widget elementor-widget-et-contact-form-7\" data-id=\"80d9f71\" data-element_type=\"widget\" data-widget_type=\"et-contact-form-7.default\">\n\t\t\t\t<div class=\"elementor-widget-container\">\n\t\t\t\t\t                <div class=\"pp-contact-form etheme-contact-form-7 placeholder-show\">\n                                            <div class=\"etheme-contact-form-7-heading\">\n                                                            <h3 class=\"pp-contact-form-title etheme-contact-form-7-title\">\n                                    Aj\u00e1nd\u00e9k utalv\u00e1ny                                <\/h3>\n                                                                                        <div class=\"pp-contact-form-description etheme-contact-form-7-description\">\n                                    Ha szeretn\u00e9l aj\u00e1nd\u00e9k utalv\u00e1nyt v\u00e1s\u00e1rolni, k\u00e9rlek t\u00f6ltsd ki az \u0171rlapot                                <\/div>\n                                                    <\/div>\n                                        \n<div class=\"wpcf7 no-js\" id=\"wpcf7-f9914-o1\" lang=\"hu-HU\" dir=\"ltr\" data-wpcf7-id=\"9914\">\n<div class=\"screen-reader-response\"><p role=\"status\" aria-live=\"polite\" aria-atomic=\"true\"><\/p> <ul><\/ul><\/div>\n<form action=\"\/hu\/wp-json\/wp\/v2\/pages\/53#wpcf7-f9914-o1\" method=\"post\" class=\"wpcf7-form init\" aria-label=\"Kapcsolatfelv\u00e9teli \u0171rlap\" novalidate=\"novalidate\" data-status=\"init\" data-trp-original-action=\"\/hu\/wp-json\/wp\/v2\/pages\/53#wpcf7-f9914-o1\">\n<fieldset class=\"hidden-fields-container\"><input type=\"hidden\" name=\"_wpcf7\" value=\"9914\" \/><input type=\"hidden\" name=\"_wpcf7_version\" value=\"6.1.5\" \/><input type=\"hidden\" name=\"_wpcf7_locale\" value=\"hu_HU\" \/><input type=\"hidden\" name=\"_wpcf7_unit_tag\" value=\"wpcf7-f9914-o1\" \/><input type=\"hidden\" name=\"_wpcf7_container_post\" value=\"0\" \/><input type=\"hidden\" name=\"_wpcf7_posted_data_hash\" value=\"\" \/><input type=\"hidden\" name=\"_wpcf7_recaptcha_response\" value=\"\" \/>\n<\/fieldset>\n<div class=\"container\">\n\t<fieldset>\n\t\t<p><span class=\"label-input100\">TELJES N\u00c9V<\/span><br \/>\n<span class=\"wpcf7-form-control-wrap\" data-name=\"yourname\"><input size=\"40\" maxlength=\"400\" class=\"wpcf7-form-control wpcf7-text wpcf7-validates-as-required\" aria-required=\"true\" aria-invalid=\"false\" placeholder=\"Teljes n\u00e9v\" value=\"\" type=\"text\" name=\"yourname\" \/><\/span>\n\t\t<\/p>\n\t<\/fieldset>\n\t<fieldset>\n\t\t<p><span class=\"label-input100\">UTCAN\u00c9V, H\u00c1ZSZ\u00c1M<\/span><br \/>\n<span class=\"wpcf7-form-control-wrap\" data-name=\"ulica\"><input size=\"40\" maxlength=\"400\" class=\"wpcf7-form-control wpcf7-text wpcf7-validates-as-required\" aria-required=\"true\" aria-invalid=\"false\" placeholder=\"Utcan\u00e9v, h\u00e1zsz\u00e1m\" value=\"\" type=\"text\" name=\"ulica\" \/><\/span>\n\t\t<\/p>\n\t<\/fieldset>\n\t<fieldset>\n\t\t<p><span class=\"label-input100\">KER\u00dcLET<\/span><br \/>\n<span class=\"wpcf7-form-control-wrap\" data-name=\"obec\"><input size=\"40\" maxlength=\"400\" class=\"wpcf7-form-control wpcf7-text wpcf7-validates-as-required\" aria-required=\"true\" aria-invalid=\"false\" placeholder=\"Ker\u00fclet\" value=\"\" type=\"text\" name=\"obec\" \/><\/span>\n\t\t<\/p>\n\t<\/fieldset>\n\t<fieldset>\n\t\t<p><span class=\"label-input100\">Ir\u00e1ny\u00edt\u00f3sz\u00e1m<\/span><br \/>\n<span class=\"wpcf7-form-control-wrap\" data-name=\"psc\"><input size=\"40\" maxlength=\"400\" class=\"wpcf7-form-control wpcf7-text wpcf7-validates-as-required\" aria-required=\"true\" aria-invalid=\"false\" placeholder=\"Ir\u00e1ny\u00edt\u00f3sz\u00e1m\" value=\"\" type=\"text\" name=\"psc\" \/><\/span>\n\t\t<\/p>\n\t<\/fieldset>\n\t<fieldset>\n\t\t<p><span class=\"label-input100\">E-MAIL<\/span><br \/>\n<span class=\"wpcf7-form-control-wrap\" data-name=\"email-94\"><input size=\"40\" maxlength=\"400\" class=\"wpcf7-form-control wpcf7-email wpcf7-validates-as-required wpcf7-text wpcf7-validates-as-email\" aria-required=\"true\" aria-invalid=\"false\" placeholder=\"E-mail\" value=\"\" type=\"email\" name=\"email-94\" \/><\/span>\n\t\t<\/p>\n\t<\/fieldset>\n\t<fieldset>\n\t\t<p><span class=\"label-input100\">TELEFONSZ\u00c1M<\/span><br \/>\n<span class=\"wpcf7-form-control-wrap\" data-name=\"tel-414\"><input size=\"40\" maxlength=\"400\" class=\"wpcf7-form-control wpcf7-tel wpcf7-validates-as-required wpcf7-text wpcf7-validates-as-tel\" aria-required=\"true\" aria-invalid=\"false\" placeholder=\"Telefonsz\u00e1m\" value=\"\" type=\"tel\" name=\"tel-414\" \/><\/span>\n\t\t<\/p>\n\t<\/fieldset>\n\t<h3 id=\"contact\"> Melyik aj\u00e1nd\u00e9kutalv\u00e1nyt szeretn\u00e9d - Az \u00e1r tartalmazza az \u00c1F\u00c1-t (DPH)\n\t<\/h3>\n\t<fieldset>\n\t\t<p><span class=\"wpcf7-form-control-wrap\" data-name=\"checkbox-673\"><span class=\"wpcf7-form-control wpcf7-checkbox wpcf7-validates-as-required wpcf7-exclusive-checkbox\"><span class=\"wpcf7-list-item first\"><label><input type=\"checkbox\" name=\"checkbox-673\" value=\"1 noc pre 2 osoby 72\u20ac\" \/><span class=\"wpcf7-list-item-label\">1 \u00e9jszaka 2 feln\u0151tt r\u00e9sz\u00e9re - 72\u20ac<\/span><\/label><\/span><span class=\"wpcf7-list-item\"><label><input type=\"checkbox\" name=\"checkbox-673\" value=\"2 noci pre 2 osoboy 144\u20ac\" \/><span class=\"wpcf7-list-item-label\">2 \u00e9jszaka 2 feln\u0151tt r\u00e9sz\u00e9re - 144\u20ac<\/span><\/label><\/span><span class=\"wpcf7-list-item last\"><label><input type=\"checkbox\" name=\"checkbox-673\" value=\"3 noci pre 2 osoby 216\u20ac\" \/><span class=\"wpcf7-list-item-label\">3 \u00e9jszaka 2 feln\u0151tt r\u00e9sz\u00e9re - 216\u20ac<\/span><\/label><\/span><\/span><\/span>\n\t\t<\/p>\n\t<\/fieldset>\n\t<h3 id=\"contact\"> Fizet\u00e9s\n\t<\/h3>\n\t<fieldset>\n\t\t<p><span class=\"wpcf7-form-control-wrap\" data-name=\"checkbox-333\"><span class=\"wpcf7-form-control wpcf7-checkbox wpcf7-validates-as-required wpcf7-exclusive-checkbox\"><span class=\"wpcf7-list-item first\"><label><input type=\"checkbox\" name=\"checkbox-333\" value=\"Dobierka (po\u0161tovn\u00e9 3,5\u20ac)\" \/><span class=\"wpcf7-list-item-label\">Ut\u00e1nv\u00e9ttel (postak\u00f6lts\u00e9g 3,5 \u20ac)<\/span><\/label><\/span><span class=\"wpcf7-list-item\"><label><input type=\"checkbox\" name=\"checkbox-333\" value=\"Prevodom (po\u0161tovn\u00e9 zdarma)\" \/><span class=\"wpcf7-list-item-label\">Banki \u00e1tutal\u00e1ssal (ingyenes)<\/span><\/label><\/span><span class=\"wpcf7-list-item last\"><label><input type=\"checkbox\" name=\"checkbox-333\" value=\"Chcem posla\u0165 poukaz na mail  elektronicky (zdarma)\" \/><span class=\"wpcf7-list-item-label\">Utalv\u00e1nyt szeretn\u00e9k elektronikusan email form\u00e1ban (ingyenes)<\/span><\/label><\/span><\/span><\/span>\n\t\t<\/p>\n\t<\/fieldset>\n\t<p><span class=\"label-input100\">MEGJEGYZ\u00c9S<\/span>\n\t<\/p>\n\t<fieldset>\n\t\t<p><span class=\"wpcf7-form-control-wrap\" data-name=\"textarea-371\"><textarea cols=\"40\" rows=\"10\" maxlength=\"2000\" class=\"wpcf7-form-control wpcf7-textarea\" aria-invalid=\"false\" placeholder=\"Megjegyz\u00e9s\" name=\"textarea-371\"><\/textarea><\/span>\n\t\t<\/p>\n\t<\/fieldset>\n\n\t<fieldset>\n\t\t<p><input class=\"wpcf7-form-control wpcf7-submit has-spinner\" type=\"submit\" value=\"Elk\u00fcld\u00e9s\" \/>\n\t\t<\/p>\n\t<\/fieldset>\n<\/div><div class=\"wpcf7-response-output\" aria-hidden=\"true\"><\/div>\n<input type=\"hidden\" name=\"trp-form-language\" value=\"hu\"\/><\/form>\n<\/div>\n                <\/div>\n                \t\t\t\t<\/div>\n\t\t\t\t<\/div>\n\t\t\t\t\t<\/div>\n\t\t<\/div>\n\t\t\t\t\t<\/div>\n\t\t<\/section>\n\t\t\t\t<\/div>","protected":false},"excerpt":{"rendered":"<p>Dar\u010dekov\u00e1 poukazy Ak m\u00e1te z\u00e1ujem o dar\u010dekov\u00fd poukaz vypl\u0148te objedn\u00e1vku Odosla\u0165<\/p>","protected":false},"author":1,"featured_media":0,"parent":0,"menu_order":0,"comment_status":"closed","ping_status":"closed","template":"elementor_header_footer","meta":{"footnotes":""},"class_list":["post-53","page","type-page","status-publish","hentry"],"_links":{"self":[{"href":"https:\/\/www.zazrifka.sk\/hu\/wp-json\/wp\/v2\/pages\/53","targetHints":{"allow":["GET"]}}],"collection":[{"href":"https:\/\/www.zazrifka.sk\/hu\/wp-json\/wp\/v2\/pages"}],"about":[{"href":"https:\/\/www.zazrifka.sk\/hu\/wp-json\/wp\/v2\/types\/page"}],"author":[{"embeddable":true,"href":"https:\/\/www.zazrifka.sk\/hu\/wp-json\/wp\/v2\/users\/1"}],"replies":[{"embeddable":true,"href":"https:\/\/www.zazrifka.sk\/hu\/wp-json\/wp\/v2\/comments?post=53"}],"version-history":[{"count":0,"href":"https:\/\/www.zazrifka.sk\/hu\/wp-json\/wp\/v2\/pages\/53\/revisions"}],"wp:attachment":[{"href":"https:\/\/www.zazrifka.sk\/hu\/wp-json\/wp\/v2\/media?parent=53"}],"curies":[{"name":"wp","href":"https:\/\/api.w.org\/{rel}","templated":true}]}}